{"id":7390,"date":"2023-05-03T08:49:10","date_gmt":"2023-05-03T08:49:10","guid":{"rendered":"https:\/\/subversivefestival.com\/?page_id=7390"},"modified":"2023-05-12T10:12:01","modified_gmt":"2023-05-12T10:12:01","slug":"jury-2023","status":"publish","type":"page","link":"https:\/\/arhiva.subversivefestival.com\/en\/jury\/jury-2023\/","title":{"rendered":"Jury 2023"},"content":{"rendered":"<p>The <strong>Wild Dreamer &#8220;Dragan Rube\u0161a&#8221;<\/strong> awards for the best fiction and documentary film will be decided on by a three-member jury consisting of <strong>Nina de Vroome<\/strong> (director and writer \/ Netherlands), <strong>Peter Grabher<\/strong> (historian, filmologist and professor \/ Austria) and <strong>Nino Kova\u010di\u0107<\/strong> (film critic and cultural worker \/ Croatia).<\/p>\n<p><img fetchpriority=\"high\" decoding=\"async\" class=\"alignnone size-full wp-image-7047\" src=\"https:\/\/arhiva.subversivefestival.com\/wp-content\/uploads\/2023\/04\/Peter-Grabher-scaled.jpg\" alt=\"\" width=\"2560\" height=\"1920\" srcset=\"https:\/\/arhiva.subversivefestival.com\/wp-content\/uploads\/2023\/04\/Peter-Grabher-scaled.jpg 2560w, https:\/\/arhiva.subversivefestival.com\/wp-content\/uploads\/2023\/04\/Peter-Grabher-300x225.jpg 300w, https:\/\/arhiva.subversivefestival.com\/wp-content\/uploads\/2023\/04\/Peter-Grabher-800x600.jpg 800w, https:\/\/arhiva.subversivefestival.com\/wp-content\/uploads\/2023\/04\/Peter-Grabher-1536x1152.jpg 1536w, https:\/\/arhiva.subversivefestival.com\/wp-content\/uploads\/2023\/04\/Peter-Grabher-2048x1536.jpg 2048w\" sizes=\"(max-width: 2560px) 100vw, 2560px\" \/><\/p>\n<p><strong>Peter Grabher<\/strong> is a historian, film scientist and high school teacher living and working in Vienna. Pensionnaire \u00e9tranger of the \u00c9cole normale sup\u00e9rieure, Paris. PhD, University of Vienna. Research interests: medieval philosophy, aesthetics of the cinematic essay, Palestine-Israel in cinema and media, leftist film in the first Austrian Republic and the Soviet Union. Co-founder of the Vienna based film group KINOKI (<a href=\"http:\/\/www.kinoki.at\">www.kinoki.at<\/a>).<\/p>\n<p><img decoding=\"async\" class=\"alignnone size-full wp-image-7049\" src=\"https:\/\/arhiva.subversivefestival.com\/wp-content\/uploads\/2023\/04\/Nino-Kovacic-scaled.jpg\" alt=\"\" width=\"2560\" height=\"1709\" srcset=\"https:\/\/arhiva.subversivefestival.com\/wp-content\/uploads\/2023\/04\/Nino-Kovacic-scaled.jpg 2560w, https:\/\/arhiva.subversivefestival.com\/wp-content\/uploads\/2023\/04\/Nino-Kovacic-300x200.jpg 300w, https:\/\/arhiva.subversivefestival.com\/wp-content\/uploads\/2023\/04\/Nino-Kovacic-800x534.jpg 800w, https:\/\/arhiva.subversivefestival.com\/wp-content\/uploads\/2023\/04\/Nino-Kovacic-1536x1026.jpg 1536w, https:\/\/arhiva.subversivefestival.com\/wp-content\/uploads\/2023\/04\/Nino-Kovacic-2048x1367.jpg 2048w\" sizes=\"(max-width: 2560px) 100vw, 2560px\" \/><\/p>\n<p><strong>Nino Kova\u010di\u0107<\/strong> is a film critic and cultural worker with many years of experience in film, theatre and media projects. As a program and production associate of film festivals, he collaborated in film selections and program coordination, as well as the production of events at Animafest, ZagrebDox, Zagreb Film Festival, 25fps, DHF and others in Croatia, as well as Kaboom, Cinekid and IRFF festivals in the Netherlands. He writes film criticism and articles for relevant film and cultural media, publishing in professional periodicals and on the Third Program of Croatian Radio. As a film educator, he organized and mentored numerous film analysis workshops for children and youth, students and older generations.<\/p>\n<p><img decoding=\"async\" class=\"alignnone size-full wp-image-7051\" src=\"https:\/\/arhiva.subversivefestival.com\/wp-content\/uploads\/2023\/04\/Nina-de-Vroome_123.jpg\" alt=\"\" width=\"598\" height=\"694\" srcset=\"https:\/\/arhiva.subversivefestival.com\/wp-content\/uploads\/2023\/04\/Nina-de-Vroome_123.jpg 598w, https:\/\/arhiva.subversivefestival.com\/wp-content\/uploads\/2023\/04\/Nina-de-Vroome_123-259x300.jpg 259w, https:\/\/arhiva.subversivefestival.com\/wp-content\/uploads\/2023\/04\/Nina-de-Vroome_123-517x600.jpg 517w\" sizes=\"(max-width: 598px) 100vw, 598px\" \/><\/p>\n<p><strong>Nina de Vroome<\/strong> is a filmmaker, teacher and author. She studied film at KASK \/ School of Arts Ghent and graduated with Golven [Waves] (2013). Her further filmography includes Een idee van de zee [A Sea Change] (2016) and Het geluk van honden [A Dog\u2019s Luck] (2018). She is a writer and editor for Sabzian, a Belgian magazine on cinema. As a teacher she is involved in various educational projects. She makes collages and engages in collaborations as a sound engineer and editor.<\/p>\n","protected":false},"excerpt":{"rendered":"<p>The Wild Dreamer &#8220;Dragan Rube\u0161a&#8221; awards for the best fiction and documentary film will be decided on by a three-member jury consisting of&#8230;<\/p>\n","protected":false},"author":1,"featured_media":0,"parent":7393,"menu_order":0,"comment_status":"closed","ping_status":"closed","template":"","meta":{"_acf_changed":false,"footnotes":""},"class_list":["post-7390","page","type-page","status-publish","hentry"],"acf":[],"yoast_head":"<!-- This site is optimized with the Yoast SEO plugin v25.1 - https:\/\/yoast.com\/wordpress\/plugins\/seo\/ -->\n<title>Jury 2023 - 17th Subversive Festival<\/title>\n<meta name=\"robots\" content=\"index, follow, max-snippet:-1, max-image-preview:large, max-video-preview:-1\" \/>\n<link rel=\"canonical\" href=\"https:\/\/arhiva.subversivefestival.com\/en\/jury\/jury-2023\/\" \/>\n<meta property=\"og:locale\" content=\"en_US\" \/>\n<meta property=\"og:type\" content=\"article\" \/>\n<meta property=\"og:title\" content=\"Jury 2023 - 17th Subversive Festival\" \/>\n<meta property=\"og:description\" content=\"The Wild Dreamer &#8220;Dragan Rube\u0161a&#8221; awards for the best fiction and documentary film will be decided on by a three-member jury consisting of...\" \/>\n<meta property=\"og:url\" content=\"https:\/\/arhiva.subversivefestival.com\/en\/jury\/jury-2023\/\" \/>\n<meta property=\"og:site_name\" content=\"17th Subversive Festival\" \/>\n<meta property=\"article:publisher\" content=\"https:\/\/www.facebook.com\/subversivefestival\/\" \/>\n<meta property=\"article:modified_time\" content=\"2023-05-12T10:12:01+00:00\" \/>\n<meta property=\"og:image\" content=\"https:\/\/arhiva.subversivefestival.com\/wp-content\/uploads\/2023\/04\/Peter-Grabher-scaled.jpg\" \/>\n<meta name=\"twitter:card\" content=\"summary_large_image\" \/>\n<meta name=\"twitter:site\" content=\"@SubversiveFesti\" \/>\n<meta name=\"twitter:label1\" content=\"Est. reading time\" \/>\n\t<meta name=\"twitter:data1\" content=\"3 minutes\" \/>\n<script type=\"application\/ld+json\" class=\"yoast-schema-graph\">{\"@context\":\"https:\/\/schema.org\",\"@graph\":[{\"@type\":\"WebPage\",\"@id\":\"https:\/\/arhiva.subversivefestival.com\/en\/jury\/jury-2023\/\",\"url\":\"https:\/\/arhiva.subversivefestival.com\/en\/jury\/jury-2023\/\",\"name\":\"Jury 2023 - 17th Subversive Festival\",\"isPartOf\":{\"@id\":\"https:\/\/arhiva.subversivefestival.com\/en\/#website\"},\"primaryImageOfPage\":{\"@id\":\"https:\/\/arhiva.subversivefestival.com\/en\/jury\/jury-2023\/#primaryimage\"},\"image\":{\"@id\":\"https:\/\/arhiva.subversivefestival.com\/en\/jury\/jury-2023\/#primaryimage\"},\"thumbnailUrl\":\"https:\/\/arhiva.subversivefestival.com\/wp-content\/uploads\/2023\/04\/Peter-Grabher-scaled.jpg\",\"datePublished\":\"2023-05-03T08:49:10+00:00\",\"dateModified\":\"2023-05-12T10:12:01+00:00\",\"breadcrumb\":{\"@id\":\"https:\/\/arhiva.subversivefestival.com\/en\/jury\/jury-2023\/#breadcrumb\"},\"inLanguage\":\"en-US\",\"potentialAction\":[{\"@type\":\"ReadAction\",\"target\":[\"https:\/\/arhiva.subversivefestival.com\/en\/jury\/jury-2023\/\"]}]},{\"@type\":\"ImageObject\",\"inLanguage\":\"en-US\",\"@id\":\"https:\/\/arhiva.subversivefestival.com\/en\/jury\/jury-2023\/#primaryimage\",\"url\":\"https:\/\/arhiva.subversivefestival.com\/wp-content\/uploads\/2023\/04\/Peter-Grabher-scaled.jpg\",\"contentUrl\":\"https:\/\/arhiva.subversivefestival.com\/wp-content\/uploads\/2023\/04\/Peter-Grabher-scaled.jpg\"},{\"@type\":\"BreadcrumbList\",\"@id\":\"https:\/\/arhiva.subversivefestival.com\/en\/jury\/jury-2023\/#breadcrumb\",\"itemListElement\":[{\"@type\":\"ListItem\",\"position\":1,\"name\":\"Home\",\"item\":\"https:\/\/arhiva.subversivefestival.com\/en\/\"},{\"@type\":\"ListItem\",\"position\":2,\"name\":\"Jury\",\"item\":\"https:\/\/arhiva.subversivefestival.com\/en\/ziri\/\"},{\"@type\":\"ListItem\",\"position\":3,\"name\":\"Jury 2023\"}]},{\"@type\":\"WebSite\",\"@id\":\"https:\/\/arhiva.subversivefestival.com\/en\/#website\",\"url\":\"https:\/\/arhiva.subversivefestival.com\/en\/\",\"name\":\"14. Subversive Festival\",\"description\":\"Living Without Capitalism\",\"publisher\":{\"@id\":\"https:\/\/arhiva.subversivefestival.com\/en\/#organization\"},\"potentialAction\":[{\"@type\":\"SearchAction\",\"target\":{\"@type\":\"EntryPoint\",\"urlTemplate\":\"https:\/\/arhiva.subversivefestival.com\/en\/?s={search_term_string}\"},\"query-input\":{\"@type\":\"PropertyValueSpecification\",\"valueRequired\":true,\"valueName\":\"search_term_string\"}}],\"inLanguage\":\"en-US\"},{\"@type\":\"Organization\",\"@id\":\"https:\/\/arhiva.subversivefestival.com\/en\/#organization\",\"name\":\"Subversive Festival\",\"url\":\"https:\/\/arhiva.subversivefestival.com\/en\/\",\"logo\":{\"@type\":\"ImageObject\",\"inLanguage\":\"en-US\",\"@id\":\"https:\/\/arhiva.subversivefestival.com\/en\/#\/schema\/logo\/image\/\",\"url\":\"https:\/\/arhiva.subversivefestival.com\/wp-content\/uploads\/2021\/09\/sf-logo.png\",\"contentUrl\":\"https:\/\/arhiva.subversivefestival.com\/wp-content\/uploads\/2021\/09\/sf-logo.png\",\"width\":800,\"height\":600,\"caption\":\"Subversive Festival\"},\"image\":{\"@id\":\"https:\/\/arhiva.subversivefestival.com\/en\/#\/schema\/logo\/image\/\"},\"sameAs\":[\"https:\/\/www.facebook.com\/subversivefestival\/\",\"https:\/\/x.com\/SubversiveFesti\"]}]}<\/script>\n<!-- \/ Yoast SEO plugin. -->","yoast_head_json":{"title":"Jury 2023 - 17th Subversive Festival","robots":{"index":"index","follow":"follow","max-snippet":"max-snippet:-1","max-image-preview":"max-image-preview:large","max-video-preview":"max-video-preview:-1"},"canonical":"https:\/\/arhiva.subversivefestival.com\/en\/jury\/jury-2023\/","og_locale":"en_US","og_type":"article","og_title":"Jury 2023 - 17th Subversive Festival","og_description":"The Wild Dreamer &#8220;Dragan Rube\u0161a&#8221; awards for the best fiction and documentary film will be decided on by a three-member jury consisting of...","og_url":"https:\/\/arhiva.subversivefestival.com\/en\/jury\/jury-2023\/","og_site_name":"17th Subversive Festival","article_publisher":"https:\/\/www.facebook.com\/subversivefestival\/","article_modified_time":"2023-05-12T10:12:01+00:00","og_image":[{"url":"https:\/\/arhiva.subversivefestival.com\/wp-content\/uploads\/2023\/04\/Peter-Grabher-scaled.jpg","type":"","width":"","height":""}],"twitter_card":"summary_large_image","twitter_site":"@SubversiveFesti","twitter_misc":{"Est. reading time":"3 minutes"},"schema":{"@context":"https:\/\/schema.org","@graph":[{"@type":"WebPage","@id":"https:\/\/arhiva.subversivefestival.com\/en\/jury\/jury-2023\/","url":"https:\/\/arhiva.subversivefestival.com\/en\/jury\/jury-2023\/","name":"Jury 2023 - 17th Subversive Festival","isPartOf":{"@id":"https:\/\/arhiva.subversivefestival.com\/en\/#website"},"primaryImageOfPage":{"@id":"https:\/\/arhiva.subversivefestival.com\/en\/jury\/jury-2023\/#primaryimage"},"image":{"@id":"https:\/\/arhiva.subversivefestival.com\/en\/jury\/jury-2023\/#primaryimage"},"thumbnailUrl":"https:\/\/arhiva.subversivefestival.com\/wp-content\/uploads\/2023\/04\/Peter-Grabher-scaled.jpg","datePublished":"2023-05-03T08:49:10+00:00","dateModified":"2023-05-12T10:12:01+00:00","breadcrumb":{"@id":"https:\/\/arhiva.subversivefestival.com\/en\/jury\/jury-2023\/#breadcrumb"},"inLanguage":"en-US","potentialAction":[{"@type":"ReadAction","target":["https:\/\/arhiva.subversivefestival.com\/en\/jury\/jury-2023\/"]}]},{"@type":"ImageObject","inLanguage":"en-US","@id":"https:\/\/arhiva.subversivefestival.com\/en\/jury\/jury-2023\/#primaryimage","url":"https:\/\/arhiva.subversivefestival.com\/wp-content\/uploads\/2023\/04\/Peter-Grabher-scaled.jpg","contentUrl":"https:\/\/arhiva.subversivefestival.com\/wp-content\/uploads\/2023\/04\/Peter-Grabher-scaled.jpg"},{"@type":"BreadcrumbList","@id":"https:\/\/arhiva.subversivefestival.com\/en\/jury\/jury-2023\/#breadcrumb","itemListElement":[{"@type":"ListItem","position":1,"name":"Home","item":"https:\/\/arhiva.subversivefestival.com\/en\/"},{"@type":"ListItem","position":2,"name":"Jury","item":"https:\/\/arhiva.subversivefestival.com\/en\/ziri\/"},{"@type":"ListItem","position":3,"name":"Jury 2023"}]},{"@type":"WebSite","@id":"https:\/\/arhiva.subversivefestival.com\/en\/#website","url":"https:\/\/arhiva.subversivefestival.com\/en\/","name":"14. Subversive Festival","description":"Living Without Capitalism","publisher":{"@id":"https:\/\/arhiva.subversivefestival.com\/en\/#organization"},"potentialAction":[{"@type":"SearchAction","target":{"@type":"EntryPoint","urlTemplate":"https:\/\/arhiva.subversivefestival.com\/en\/?s={search_term_string}"},"query-input":{"@type":"PropertyValueSpecification","valueRequired":true,"valueName":"search_term_string"}}],"inLanguage":"en-US"},{"@type":"Organization","@id":"https:\/\/arhiva.subversivefestival.com\/en\/#organization","name":"Subversive Festival","url":"https:\/\/arhiva.subversivefestival.com\/en\/","logo":{"@type":"ImageObject","inLanguage":"en-US","@id":"https:\/\/arhiva.subversivefestival.com\/en\/#\/schema\/logo\/image\/","url":"https:\/\/arhiva.subversivefestival.com\/wp-content\/uploads\/2021\/09\/sf-logo.png","contentUrl":"https:\/\/arhiva.subversivefestival.com\/wp-content\/uploads\/2021\/09\/sf-logo.png","width":800,"height":600,"caption":"Subversive Festival"},"image":{"@id":"https:\/\/arhiva.subversivefestival.com\/en\/#\/schema\/logo\/image\/"},"sameAs":["https:\/\/www.facebook.com\/subversivefestival\/","https:\/\/x.com\/SubversiveFesti"]}]}},"_links":{"self":[{"href":"https:\/\/arhiva.subversivefestival.com\/en\/wp-json\/wp\/v2\/pages\/7390","targetHints":{"allow":["GET"]}}],"collection":[{"href":"https:\/\/arhiva.subversivefestival.com\/en\/wp-json\/wp\/v2\/pages"}],"about":[{"href":"https:\/\/arhiva.subversivefestival.com\/en\/wp-json\/wp\/v2\/types\/page"}],"author":[{"embeddable":true,"href":"https:\/\/arhiva.subversivefestival.com\/en\/wp-json\/wp\/v2\/users\/1"}],"replies":[{"embeddable":true,"href":"https:\/\/arhiva.subversivefestival.com\/en\/wp-json\/wp\/v2\/comments?post=7390"}],"version-history":[{"count":6,"href":"https:\/\/arhiva.subversivefestival.com\/en\/wp-json\/wp\/v2\/pages\/7390\/revisions"}],"predecessor-version":[{"id":8123,"href":"https:\/\/arhiva.subversivefestival.com\/en\/wp-json\/wp\/v2\/pages\/7390\/revisions\/8123"}],"up":[{"embeddable":true,"href":"https:\/\/arhiva.subversivefestival.com\/en\/wp-json\/wp\/v2\/pages\/7393"}],"wp:attachment":[{"href":"https:\/\/arhiva.subversivefestival.com\/en\/wp-json\/wp\/v2\/media?parent=7390"}],"curies":[{"name":"wp","href":"https:\/\/api.w.org\/{rel}","templated":true}]}}