{"id":1245,"date":"2016-05-07T14:32:23","date_gmt":"2016-05-07T14:32:23","guid":{"rendered":"http:\/\/subversivefestival.com\/en\/?page_id=1245"},"modified":"2023-05-22T14:41:26","modified_gmt":"2023-05-22T14:41:26","slug":"impressum","status":"publish","type":"page","link":"https:\/\/arhiva.subversivefestival.com\/en\/impressum\/","title":{"rendered":"Impressum"},"content":{"rendered":"<p><strong>Subversive Festival director:<\/strong><br \/>\nNikola Dev\u010di\u0107<\/p>\n<p><strong>Subversive Festival art director:<\/strong><br \/>\nDina Pokrajac<\/p>\n<p><strong>Subversive Festival producer:<\/strong><br \/>\nVedran Grladinovi\u0107<\/p>\n<p><strong>Retrospective: Everything you wanted to know about Black Cinema (But Were Afraid To Ask) selector:\u00a0<\/strong><br \/>\nGreg de Cuir Jr<\/p>\n<p><strong>Cinematographies of Resistance curators:<\/strong><br \/>\nDina Pokrajac, Leila Topi\u0107<\/p>\n<p><strong>16. Subversive Film Festival artistic jury:<\/strong><br \/>\nPeter Grabher, Nino Kova\u010di\u0107, Nina de Vroome<\/p>\n<p><strong>Subversive Forum program board:<\/strong><br \/>\nOzren Pupovac, Karolina Hrga, Leonardo Kova\u010devi\u0107, Stipe \u0106urkovi\u0107<\/p>\n<p><strong>Subversive Forum coordinators:<\/strong><br \/>\nMartin Bero\u0161, Marko Kostani\u0107,\u00a0Tomislav Medak<\/p>\n<p><strong>School of Contemporary Humanities \/ Anti-capitalist seminar:<\/strong><\/p>\n<p><strong>Lectures and workshops:<\/strong><br \/>\nNina \u010colovi\u0107, Maja Solar, Vir Lev, Stipe \u0106urkovi\u0107, Lazar Petkovi\u0107, Andrea Vuljevi\u0107, Martin Bero\u0161 i Vesna Vukovi\u0107<\/p>\n<p><strong>Seminar coordinators:<\/strong><br \/>\nKarolina Hrga, Martin Bero\u0161, Andrea Vuljevi\u0107, Maja Solar, Vir Lev<\/p>\n<p><strong>Program support:<\/strong><br \/>\nMultimedijalni institut, Institut za politi\u010dku ekologiju, Kulturno informativni centar, Restart, MSU Zagreb<\/p>\n<p><strong>Press:<\/strong><br \/>\nJelena Svir\u010di\u0107<\/p>\n<p><b>Social media editor:\u00a0<\/b><br \/>\nMiro Fraki\u0107<\/p>\n<p><strong>Web page editors:<br \/>\n<\/strong>Miro Fraki\u0107, Martin Bero\u0161, Jelena Svir\u010di\u0107<\/p>\n<p><strong>Technical coordinator:<\/strong><br \/>\nJasna Givens<\/p>\n<p><strong>Hospitality and info point manager:<br \/>\n<\/strong>Mirna Hrlle<\/p>\n<p><strong>Film translation and subtitling:<\/strong><br \/>\nVanda Gajsak \u0110oki\u0107 \u2013 DOBBIN D.O.O.<\/p>\n<p><strong>Projectionists:<\/strong><br \/>\nDamir Pezerovi\u0107, Luka Zovak (kino Tu\u0161kanac), Karlo \u0160poljar, Ivor Vu\u010demilovi\u0107 (Dokukino KIC)<\/p>\n<p><strong>Ticket office managers: <\/strong><br \/>\nFranka Ljubi\u010di\u0107 i Dora Stipi\u0107 (kino Tu\u0161kanac), Drago Toroman (Dokukino KIC)<\/p>\n<p><strong>Photo and video-documentation <\/strong><br \/>\nMartin Bero\u0161, Sanja Bistri\u010di\u0107 Sri\u0107a, Ivor Glava\u0161, Anto Magzan<\/p>\n<p><strong>Visual identity:<\/strong><br \/>\nRuta i Danijel \u017de\u017eelj<\/p>\n<p><strong>Graphic design:<br \/>\n<\/strong><span style=\"font-size: 16px;\">Ruta, Sanja Kuzmanovi\u0107, Ivan \u0160estan<\/span><\/p>\n<p><strong>Web design:<\/strong><br \/>\n<a href=\"https:\/\/bozooart.com\/\">BozooArt<\/a><\/p>\n<p><strong>Web page programming:<\/strong><br \/>\nGoran Zubak<\/p>\n<p><strong>Festival trailer author:<\/strong><br \/>\nIvana Radi\u0107<\/p>\n<p><strong>Festival trailer music:<br \/>\n<\/strong>Florence Foster Fan Club &#8211; Subliminal Neurosis \/ (Sa\u0161a Rajkovi\u0107 i Jasmin Mahmi\u0107) \/ Enfant Terrible &#8211; label<\/p>\n<p><strong>Wild Dreamer &#8220;Dragan Rube\u0161a&#8221; Award sculptor:\u00a0<\/strong><br \/>\nNikola Vudrag<\/p>\n<p><strong>Subverzivac editors:<\/strong><br \/>\nKarolina Hrga, Dina Pokrajac<\/p>\n<p><strong>Subverzivac assistant editor:<\/strong><br \/>\nMartin Bero\u0161<\/p>\n<p><strong>Subverzivac editorial board:<\/strong><br \/>\nLeonardo Kova\u010devi\u0107, Stipe \u0106urkovi\u0107, Ozren Pupovac<\/p>\n<p><strong>Print:<\/strong><br \/>\nTiskara Zagreb<br \/>\nGrafomark<br \/>\nKolding<\/p>\n<p><strong>Acknowledgements:<br \/>\n<\/strong>Tatjana A\u0107imovi\u0107, Iva Bri\u017ean, Viktoria Kr\u010deli\u0107 (kino Tu\u0161kanac), Hrvoje Hribar, Petar Bujas, Andrea Grgi\u0107 (KIC), Oliver Serti\u0107, Petra Babi\u0107, Luka Erdeljac, Zrinka Ko\u0161ar, Vanja Jambrovi\u0107 (Restart), Zdenka Badovinec (MSU Zagreb), Slobodanka Mi\u0161kovi\u0107, Ana \u0160egrt (Art kino Croatia), Petar Milat, Igor Markovi\u0107, Ivor Glava\u0161, Ivana Peji\u0107 (Multimedijalni institut), Vedran Horvat, Mladen Domazet (Institut za politi\u010dku ekologiju), Estelle Halimi-Dagron, Alice de Parscau, Romana \u010cumbeli\u0107 Omr\u010den, Milo\u0161 U\u0161tulica, Olenka Zahorodni (Institut fran\u00e7ais de Croatie), H\u00e9l\u00e8ne Kazalicki Blary (Veleposlanstvo Kraljevine Belgije u RH), Carmen Accaputo (Cineteca di Bologna), Annabelle Aventurin (Cin\u00e9-Archives), Brian Belovarac (Janus Films), Ephraim Asili, Teemour Diop Mambety, Julie Ludwig (Frameline47), Vivian Kleiman, Izzy Hill (British Film Institute), LUX Distribution, Emily Martin (Video Data Bank), Kevin Jerome Everson, Madeleine Molyneaux (Picture Palace Pictures), Srpsko narodno vije\u0107e i uredni\u0161tvo Novosti, Ma\u0161a Samard\u017eija, Nikola Luni\u0107, Sa\u0161a Milo\u0161evi\u0107, Ivan Ramljak, Adela Lovri\u0107, Tomislav \u0160aki\u0107, Zlatko Wurzberg, Marija \u0106a\u0107i\u0107, Milena Ostoji\u0107, Nina Kujund\u017ei\u0107 i Boris Pokrajac, Ida Biard, \u017darko Pai\u0107, Frano Dulibi\u0107, Fe\u0111a Gavrilovi\u0107, Marin Kova\u010devi\u0107 (ARTiSAN)<\/p>\n","protected":false},"excerpt":{"rendered":"<p>Subversive Festival director: Nikola Dev\u010di\u0107 Subversive Festival art director: Dina Pokrajac Subversive Festival producer: Vedran Grladinovi\u0107 Retrospective: Everything you wanted to know about&#8230;<\/p>\n","protected":false},"author":2,"featured_media":0,"parent":0,"menu_order":0,"comment_status":"closed","ping_status":"closed","template":"","meta":{"_acf_changed":false,"footnotes":""},"class_list":["post-1245","page","type-page","status-publish","hentry"],"acf":[],"yoast_head":"<!-- This site is optimized with the Yoast SEO plugin v25.1 - https:\/\/yoast.com\/wordpress\/plugins\/seo\/ -->\n<title>Impressum - 17th Subversive Festival<\/title>\n<meta name=\"robots\" content=\"index, follow, max-snippet:-1, max-image-preview:large, max-video-preview:-1\" \/>\n<link rel=\"canonical\" href=\"https:\/\/arhiva.subversivefestival.com\/en\/impressum\/\" \/>\n<meta property=\"og:locale\" content=\"en_US\" \/>\n<meta property=\"og:type\" content=\"article\" \/>\n<meta property=\"og:title\" content=\"Impressum - 17th Subversive Festival\" \/>\n<meta property=\"og:description\" content=\"Subversive Festival director: Nikola Dev\u010di\u0107 Subversive Festival art director: Dina Pokrajac Subversive Festival producer: Vedran Grladinovi\u0107 Retrospective: Everything you wanted to know about...\" \/>\n<meta property=\"og:url\" content=\"https:\/\/arhiva.subversivefestival.com\/en\/impressum\/\" \/>\n<meta property=\"og:site_name\" content=\"17th Subversive Festival\" \/>\n<meta property=\"article:publisher\" content=\"https:\/\/www.facebook.com\/subversivefestival\/\" \/>\n<meta property=\"article:modified_time\" content=\"2023-05-22T14:41:26+00:00\" \/>\n<meta name=\"twitter:card\" content=\"summary_large_image\" \/>\n<meta name=\"twitter:site\" content=\"@SubversiveFesti\" \/>\n<meta name=\"twitter:label1\" content=\"Est. reading time\" \/>\n\t<meta name=\"twitter:data1\" content=\"3 minutes\" \/>\n<script type=\"application\/ld+json\" class=\"yoast-schema-graph\">{\"@context\":\"https:\/\/schema.org\",\"@graph\":[{\"@type\":\"WebPage\",\"@id\":\"https:\/\/arhiva.subversivefestival.com\/en\/impressum\/\",\"url\":\"https:\/\/arhiva.subversivefestival.com\/en\/impressum\/\",\"name\":\"Impressum - 17th Subversive Festival\",\"isPartOf\":{\"@id\":\"https:\/\/arhiva.subversivefestival.com\/en\/#website\"},\"datePublished\":\"2016-05-07T14:32:23+00:00\",\"dateModified\":\"2023-05-22T14:41:26+00:00\",\"breadcrumb\":{\"@id\":\"https:\/\/arhiva.subversivefestival.com\/en\/impressum\/#breadcrumb\"},\"inLanguage\":\"en-US\",\"potentialAction\":[{\"@type\":\"ReadAction\",\"target\":[\"https:\/\/arhiva.subversivefestival.com\/en\/impressum\/\"]}]},{\"@type\":\"BreadcrumbList\",\"@id\":\"https:\/\/arhiva.subversivefestival.com\/en\/impressum\/#breadcrumb\",\"itemListElement\":[{\"@type\":\"ListItem\",\"position\":1,\"name\":\"Home\",\"item\":\"https:\/\/arhiva.subversivefestival.com\/en\/\"},{\"@type\":\"ListItem\",\"position\":2,\"name\":\"Impressum\"}]},{\"@type\":\"WebSite\",\"@id\":\"https:\/\/arhiva.subversivefestival.com\/en\/#website\",\"url\":\"https:\/\/arhiva.subversivefestival.com\/en\/\",\"name\":\"14. Subversive Festival\",\"description\":\"Living Without Capitalism\",\"publisher\":{\"@id\":\"https:\/\/arhiva.subversivefestival.com\/en\/#organization\"},\"potentialAction\":[{\"@type\":\"SearchAction\",\"target\":{\"@type\":\"EntryPoint\",\"urlTemplate\":\"https:\/\/arhiva.subversivefestival.com\/en\/?s={search_term_string}\"},\"query-input\":{\"@type\":\"PropertyValueSpecification\",\"valueRequired\":true,\"valueName\":\"search_term_string\"}}],\"inLanguage\":\"en-US\"},{\"@type\":\"Organization\",\"@id\":\"https:\/\/arhiva.subversivefestival.com\/en\/#organization\",\"name\":\"Subversive Festival\",\"url\":\"https:\/\/arhiva.subversivefestival.com\/en\/\",\"logo\":{\"@type\":\"ImageObject\",\"inLanguage\":\"en-US\",\"@id\":\"https:\/\/arhiva.subversivefestival.com\/en\/#\/schema\/logo\/image\/\",\"url\":\"https:\/\/arhiva.subversivefestival.com\/wp-content\/uploads\/2021\/09\/sf-logo.png\",\"contentUrl\":\"https:\/\/arhiva.subversivefestival.com\/wp-content\/uploads\/2021\/09\/sf-logo.png\",\"width\":800,\"height\":600,\"caption\":\"Subversive Festival\"},\"image\":{\"@id\":\"https:\/\/arhiva.subversivefestival.com\/en\/#\/schema\/logo\/image\/\"},\"sameAs\":[\"https:\/\/www.facebook.com\/subversivefestival\/\",\"https:\/\/x.com\/SubversiveFesti\"]}]}<\/script>\n<!-- \/ Yoast SEO plugin. -->","yoast_head_json":{"title":"Impressum - 17th Subversive Festival","robots":{"index":"index","follow":"follow","max-snippet":"max-snippet:-1","max-image-preview":"max-image-preview:large","max-video-preview":"max-video-preview:-1"},"canonical":"https:\/\/arhiva.subversivefestival.com\/en\/impressum\/","og_locale":"en_US","og_type":"article","og_title":"Impressum - 17th Subversive Festival","og_description":"Subversive Festival director: Nikola Dev\u010di\u0107 Subversive Festival art director: Dina Pokrajac Subversive Festival producer: Vedran Grladinovi\u0107 Retrospective: Everything you wanted to know about...","og_url":"https:\/\/arhiva.subversivefestival.com\/en\/impressum\/","og_site_name":"17th Subversive Festival","article_publisher":"https:\/\/www.facebook.com\/subversivefestival\/","article_modified_time":"2023-05-22T14:41:26+00:00","twitter_card":"summary_large_image","twitter_site":"@SubversiveFesti","twitter_misc":{"Est. reading time":"3 minutes"},"schema":{"@context":"https:\/\/schema.org","@graph":[{"@type":"WebPage","@id":"https:\/\/arhiva.subversivefestival.com\/en\/impressum\/","url":"https:\/\/arhiva.subversivefestival.com\/en\/impressum\/","name":"Impressum - 17th Subversive Festival","isPartOf":{"@id":"https:\/\/arhiva.subversivefestival.com\/en\/#website"},"datePublished":"2016-05-07T14:32:23+00:00","dateModified":"2023-05-22T14:41:26+00:00","breadcrumb":{"@id":"https:\/\/arhiva.subversivefestival.com\/en\/impressum\/#breadcrumb"},"inLanguage":"en-US","potentialAction":[{"@type":"ReadAction","target":["https:\/\/arhiva.subversivefestival.com\/en\/impressum\/"]}]},{"@type":"BreadcrumbList","@id":"https:\/\/arhiva.subversivefestival.com\/en\/impressum\/#breadcrumb","itemListElement":[{"@type":"ListItem","position":1,"name":"Home","item":"https:\/\/arhiva.subversivefestival.com\/en\/"},{"@type":"ListItem","position":2,"name":"Impressum"}]},{"@type":"WebSite","@id":"https:\/\/arhiva.subversivefestival.com\/en\/#website","url":"https:\/\/arhiva.subversivefestival.com\/en\/","name":"14. Subversive Festival","description":"Living Without Capitalism","publisher":{"@id":"https:\/\/arhiva.subversivefestival.com\/en\/#organization"},"potentialAction":[{"@type":"SearchAction","target":{"@type":"EntryPoint","urlTemplate":"https:\/\/arhiva.subversivefestival.com\/en\/?s={search_term_string}"},"query-input":{"@type":"PropertyValueSpecification","valueRequired":true,"valueName":"search_term_string"}}],"inLanguage":"en-US"},{"@type":"Organization","@id":"https:\/\/arhiva.subversivefestival.com\/en\/#organization","name":"Subversive Festival","url":"https:\/\/arhiva.subversivefestival.com\/en\/","logo":{"@type":"ImageObject","inLanguage":"en-US","@id":"https:\/\/arhiva.subversivefestival.com\/en\/#\/schema\/logo\/image\/","url":"https:\/\/arhiva.subversivefestival.com\/wp-content\/uploads\/2021\/09\/sf-logo.png","contentUrl":"https:\/\/arhiva.subversivefestival.com\/wp-content\/uploads\/2021\/09\/sf-logo.png","width":800,"height":600,"caption":"Subversive Festival"},"image":{"@id":"https:\/\/arhiva.subversivefestival.com\/en\/#\/schema\/logo\/image\/"},"sameAs":["https:\/\/www.facebook.com\/subversivefestival\/","https:\/\/x.com\/SubversiveFesti"]}]}},"_links":{"self":[{"href":"https:\/\/arhiva.subversivefestival.com\/en\/wp-json\/wp\/v2\/pages\/1245","targetHints":{"allow":["GET"]}}],"collection":[{"href":"https:\/\/arhiva.subversivefestival.com\/en\/wp-json\/wp\/v2\/pages"}],"about":[{"href":"https:\/\/arhiva.subversivefestival.com\/en\/wp-json\/wp\/v2\/types\/page"}],"author":[{"embeddable":true,"href":"https:\/\/arhiva.subversivefestival.com\/en\/wp-json\/wp\/v2\/users\/2"}],"replies":[{"embeddable":true,"href":"https:\/\/arhiva.subversivefestival.com\/en\/wp-json\/wp\/v2\/comments?post=1245"}],"version-history":[{"count":5,"href":"https:\/\/arhiva.subversivefestival.com\/en\/wp-json\/wp\/v2\/pages\/1245\/revisions"}],"predecessor-version":[{"id":8464,"href":"https:\/\/arhiva.subversivefestival.com\/en\/wp-json\/wp\/v2\/pages\/1245\/revisions\/8464"}],"wp:attachment":[{"href":"https:\/\/arhiva.subversivefestival.com\/en\/wp-json\/wp\/v2\/media?parent=1245"}],"curies":[{"name":"wp","href":"https:\/\/api.w.org\/{rel}","templated":true}]}}